{"id":737,"date":"2023-08-14T20:14:08","date_gmt":"2023-08-14T20:14:08","guid":{"rendered":"https:\/\/diurna.es\/?post_type=product&#038;p=737"},"modified":"2023-08-14T23:06:29","modified_gmt":"2023-08-14T23:06:29","slug":"stones-iii","status":"publish","type":"product","link":"https:\/\/diurna.es\/en\/product\/stones-iii\/","title":{"rendered":"Stones III"},"content":{"rendered":"<p><strong>MATERIAL:<\/strong> Lat\u00f3n y plata.<br \/>\n<strong>FINISH:<\/strong> Ba\u00f1o de Oro de 18k.<br \/>\n<strong>MEASURES:<\/strong> Largo: 6cm (2.36&#8243;) x Ancho: 2.8cm (1.10&#8243;).<\/p>\n<p><strong>PACKAGING:<\/strong> Your piece will be well protected and shipped in a beautiful gift packaging<\/p>\n<p><strong>JEWELRY CARE:<\/strong> As they are handmade jewelry, some details could vary from what is shown on the web.<br \/>\nTo preserve natural shine, I recommend to keep it dry and do not expose it to water, perfumes, alcohol or any other substances.<\/p>\n<p><strong>CLEANING:<\/strong> Gold plated jewelry should be gently cleaned with a specific microfiber suede for cleaning jewelry and avoid any product or liquid. For maximum lifespan, I recommend you not leaving it in places with direct exposure to sunlight or in humid places.<\/p>\n<p>Please do not hesitate to contact me if you have any suggestion, comment or question.<\/p>","protected":false},"excerpt":{"rendered":"<p>MATERIAL: Lat\u00f3n y plata. ACABADO: Ba\u00f1o de Oro de 18k. MEDIDAS: Largo: 6cm (2.36&#8243;) x Ancho: 2.8cm (1.10&#8243;). EMBALAJE: : Tu pieza ser\u00e1 protegida y enviada en un precioso embalaje de regalo. CUIDADO DE TUS JOYAS: Dado que son joyas hechas a mano, algunos detalles podr\u00edan variar de lo que se muestra en la web. [&hellip;]<\/p>","protected":false},"featured_media":722,"comment_status":"closed","ping_status":"closed","template":"","meta":[],"product_cat":[18],"product_tag":[],"class_list":["post-737","product","type-product","status-publish","has-post-thumbnail","hentry","product_cat-pendientes","post","post-with-thumbnail","post-with-thumbnail-large"],"jetpack_sharing_enabled":true,"_links":{"self":[{"href":"https:\/\/diurna.es\/en\/wp-json\/wp\/v2\/product\/737","targetHints":{"allow":["GET"]}}],"collection":[{"href":"https:\/\/diurna.es\/en\/wp-json\/wp\/v2\/product"}],"about":[{"href":"https:\/\/diurna.es\/en\/wp-json\/wp\/v2\/types\/product"}],"replies":[{"embeddable":true,"href":"https:\/\/diurna.es\/en\/wp-json\/wp\/v2\/comments?post=737"}],"wp:featuredmedia":[{"embeddable":true,"href":"https:\/\/diurna.es\/en\/wp-json\/wp\/v2\/media\/722"}],"wp:attachment":[{"href":"https:\/\/diurna.es\/en\/wp-json\/wp\/v2\/media?parent=737"}],"wp:term":[{"taxonomy":"product_cat","embeddable":true,"href":"https:\/\/diurna.es\/en\/wp-json\/wp\/v2\/product_cat?post=737"},{"taxonomy":"product_tag","embeddable":true,"href":"https:\/\/diurna.es\/en\/wp-json\/wp\/v2\/product_tag?post=737"}],"curies":[{"name":"wp","href":"https:\/\/api.w.org\/{rel}","templated":true}]}}