{"id":370,"date":"2021-03-29T19:59:34","date_gmt":"2021-03-29T19:59:34","guid":{"rendered":"https:\/\/diurna.es\/?post_type=product&#038;p=370"},"modified":"2021-12-09T14:20:31","modified_gmt":"2021-12-09T14:20:31","slug":"anillo-onix","status":"publish","type":"product","link":"https:\/\/diurna.es\/en\/product\/anillo-onix\/","title":{"rendered":"ONIX RING"},"content":{"rendered":"<p><strong>MATERIAL:<\/strong> Brass<br \/>\n<strong>FINISH:<\/strong>  24-carat gold plating<br \/>\n<strong>GEMS:<\/strong>  Onyx<br \/>\n<strong>MEASURES:<\/strong>  Disponible en tallas de 4.5 a 10<\/p>\n<p><strong>PACKAGING:<\/strong> Your piece will be well protected and shipped in a beautiful gift packaging <\/p>\n<p><strong>JEWELRY CARE:<\/strong> As they are handmade jewelry, some details could vary from what is shown on the web.<br \/>\nTo preserve natural shine, I recommend to keep it dry and do not expose it to water, perfumes, alcohol or any other substances. <\/p>\n<p><strong>CLEANING:<\/strong> Gold plated jewelry should be gently cleaned with a specific microfiber suede for cleaning jewelry and avoid any product or liquid. For maximum lifespan, I recommend you not leaving it in places with direct exposure to sunlight or in humid places.  <\/p>\n<p>Please do not hesitate to contact me if you have any suggestion, comment or question. <\/p>\n<\/div>\n<\/div>","protected":false},"excerpt":{"rendered":"<p>MATERIAL: Lat\u00f3n ACABADO: Ba\u00f1o de Oro de 24k PIEDRAS: \u00d3nix MEDIDAS: Disponible en tallas de 4.5 a 10 EMBALAJE: : Tu pieza ser\u00e1 protegida y enviada en un precioso embalaje de regalo. CUIDADO DE TUS JOYAS: Dado que son joyas hechas a mano, algunos detalles podr\u00edan variar de lo que se muestra en la web. [&hellip;]<\/p>","protected":false},"featured_media":209,"comment_status":"closed","ping_status":"closed","template":"","meta":[],"product_cat":[20],"product_tag":[],"class_list":["post-370","product","type-product","status-publish","has-post-thumbnail","hentry","product_cat-anillos","post","post-with-thumbnail","post-with-thumbnail-large"],"jetpack_sharing_enabled":true,"_links":{"self":[{"href":"https:\/\/diurna.es\/en\/wp-json\/wp\/v2\/product\/370","targetHints":{"allow":["GET"]}}],"collection":[{"href":"https:\/\/diurna.es\/en\/wp-json\/wp\/v2\/product"}],"about":[{"href":"https:\/\/diurna.es\/en\/wp-json\/wp\/v2\/types\/product"}],"replies":[{"embeddable":true,"href":"https:\/\/diurna.es\/en\/wp-json\/wp\/v2\/comments?post=370"}],"wp:featuredmedia":[{"embeddable":true,"href":"https:\/\/diurna.es\/en\/wp-json\/wp\/v2\/media\/209"}],"wp:attachment":[{"href":"https:\/\/diurna.es\/en\/wp-json\/wp\/v2\/media?parent=370"}],"wp:term":[{"taxonomy":"product_cat","embeddable":true,"href":"https:\/\/diurna.es\/en\/wp-json\/wp\/v2\/product_cat?post=370"},{"taxonomy":"product_tag","embeddable":true,"href":"https:\/\/diurna.es\/en\/wp-json\/wp\/v2\/product_tag?post=370"}],"curies":[{"name":"wp","href":"https:\/\/api.w.org\/{rel}","templated":true}]}}