{"id":364,"date":"2021-03-29T19:49:53","date_gmt":"2021-03-29T19:49:53","guid":{"rendered":"https:\/\/diurna.es\/?post_type=product&#038;p=364"},"modified":"2021-12-09T14:23:27","modified_gmt":"2021-12-09T14:23:27","slug":"aro-textura","status":"publish","type":"product","link":"https:\/\/diurna.es\/en\/product\/aro-textura\/","title":{"rendered":"TEXTURE HOOP"},"content":{"rendered":"<p><strong>MATERIAL:<\/strong> Brass<br \/>\n<strong>FINISH:<\/strong>  24-carat gold plating<br \/>\n<strong>MEASURES:<\/strong>  Length: 4cm (1.57\u2033) x Width: 4cm (1.57\u2033)<br \/>\n<strong>ANCHORING:<\/strong> Pressure system<\/p>\n<p><strong>PACKAGING:<\/strong> Your piece will be well protected and shipped in a beautiful gift packaging <\/p>\n<p><strong>JEWELRY CARE:<\/strong> As they are handmade jewelry, some details could vary from what is shown on the web.<br \/>\nTo preserve natural shine, I recommend to keep it dry and do not expose it to water, perfumes, alcohol or any other substances. <\/p>\n<p><strong>CLEANING:<\/strong> Gold plated jewelry should be gently cleaned with a specific microfiber suede for cleaning jewelry and avoid any product or liquid. For maximum lifespan, I recommend you not leaving it in places with direct exposure to sunlight or in humid places.  <\/p>\n<p>Please do not hesitate to contact me if you have any suggestion, comment or question. <\/p>\n<\/div>\n<\/div>","protected":false},"excerpt":{"rendered":"<p>MATERIAL: Lat\u00f3n ACABADO: Ba\u00f1o de Oro de 24k MEDIDAS: Largo: 4cm (1.57&#8243;) x Ancho: 4cm (1.57&#8243;) SISTEMA DE CIERRE: Mariposa de presi\u00f3n EMBALAJE: : Tu pieza ser\u00e1 protegida y enviada en un precioso embalaje de regalo. CUIDADO DE TUS JOYAS: Dado que son joyas hechas a mano, algunos detalles podr\u00edan variar de lo que se [&hellip;]<\/p>","protected":false},"featured_media":230,"comment_status":"closed","ping_status":"closed","template":"","meta":[],"product_cat":[18],"product_tag":[],"class_list":["post-364","product","type-product","status-publish","has-post-thumbnail","hentry","product_cat-pendientes","post","post-with-thumbnail","post-with-thumbnail-large"],"jetpack_sharing_enabled":true,"_links":{"self":[{"href":"https:\/\/diurna.es\/en\/wp-json\/wp\/v2\/product\/364","targetHints":{"allow":["GET"]}}],"collection":[{"href":"https:\/\/diurna.es\/en\/wp-json\/wp\/v2\/product"}],"about":[{"href":"https:\/\/diurna.es\/en\/wp-json\/wp\/v2\/types\/product"}],"replies":[{"embeddable":true,"href":"https:\/\/diurna.es\/en\/wp-json\/wp\/v2\/comments?post=364"}],"wp:featuredmedia":[{"embeddable":true,"href":"https:\/\/diurna.es\/en\/wp-json\/wp\/v2\/media\/230"}],"wp:attachment":[{"href":"https:\/\/diurna.es\/en\/wp-json\/wp\/v2\/media?parent=364"}],"wp:term":[{"taxonomy":"product_cat","embeddable":true,"href":"https:\/\/diurna.es\/en\/wp-json\/wp\/v2\/product_cat?post=364"},{"taxonomy":"product_tag","embeddable":true,"href":"https:\/\/diurna.es\/en\/wp-json\/wp\/v2\/product_tag?post=364"}],"curies":[{"name":"wp","href":"https:\/\/api.w.org\/{rel}","templated":true}]}}