{"id":501,"date":"2021-11-03T11:08:50","date_gmt":"2021-11-03T11:08:50","guid":{"rendered":"https:\/\/diurna.es\/?page_id=501"},"modified":"2021-11-03T11:18:07","modified_gmt":"2021-11-03T11:18:07","slug":"cambios-y-devoluciones","status":"publish","type":"page","link":"https:\/\/diurna.es\/en\/cambios-y-devoluciones\/","title":{"rendered":"Exchanges and returns"},"content":{"rendered":"<h2 class=\"wp-block-heading\">Exchanges and order returns<\/h2>\n\n\n\n<p>Changes and returns are accepted up to a maximum of 30 days after delivery, contacting the email info@diurna.es, within 14 days after receiving the product.<\/p>\n\n\n\n<p><\/p>\n\n\n\n<h2 class=\"wp-block-heading\">Cancellations are not accepted<\/h2>\n\n\n\n<p><br>If you have any problem with your order, please contact Diurna through the email info@diurna.es <\/p>\n\n\n\n<p><\/p>\n\n\n\n<h2 class=\"wp-block-heading\">The following items cannot be exchanged or returned<\/h2>\n\n\n\n<p><br>Due to the nature of these items, unless they arrive damaged or defective, they can not be returned of:<\/p>\n\n\n\n<p>\u2013 Custom orders<\/p>\n\n\n\n<p><\/p>\n\n\n\n<h2 class=\"wp-block-heading\">Return conditions<\/h2>\n\n\n\n<p>Shipping costs for returns are borne by the customer. If the item is not returned in its original condition, the customer is responsible for any loss in value.<\/p>\n\n\n\n<p><\/p>","protected":false},"excerpt":{"rendered":"<p>Devoluci\u00f3n y cambio de productos Se aceptan cambios y devoluciones hasta un m\u00e1ximo de 30 d\u00edas posteriores a la entrega, previo contacto al correo info@diurna.es, en los 14 d\u00edas posteriores a la recepci\u00f3n del producto. No se aceptan cancelaciones Si tienes alg\u00fan problema con tu pedido ponte en contacto con Diurna a trav\u00e9s del correo [&hellip;]<\/p>","protected":false},"author":2,"featured_media":0,"parent":0,"menu_order":0,"comment_status":"closed","ping_status":"closed","template":"","meta":{"footnotes":""},"class_list":["post-501","page","type-page","status-publish","hentry","post"],"jetpack_sharing_enabled":true,"_links":{"self":[{"href":"https:\/\/diurna.es\/en\/wp-json\/wp\/v2\/pages\/501","targetHints":{"allow":["GET"]}}],"collection":[{"href":"https:\/\/diurna.es\/en\/wp-json\/wp\/v2\/pages"}],"about":[{"href":"https:\/\/diurna.es\/en\/wp-json\/wp\/v2\/types\/page"}],"author":[{"embeddable":true,"href":"https:\/\/diurna.es\/en\/wp-json\/wp\/v2\/users\/2"}],"replies":[{"embeddable":true,"href":"https:\/\/diurna.es\/en\/wp-json\/wp\/v2\/comments?post=501"}],"version-history":[{"count":4,"href":"https:\/\/diurna.es\/en\/wp-json\/wp\/v2\/pages\/501\/revisions"}],"predecessor-version":[{"id":506,"href":"https:\/\/diurna.es\/en\/wp-json\/wp\/v2\/pages\/501\/revisions\/506"}],"wp:attachment":[{"href":"https:\/\/diurna.es\/en\/wp-json\/wp\/v2\/media?parent=501"}],"curies":[{"name":"wp","href":"https:\/\/api.w.org\/{rel}","templated":true}]}}