{"id":494,"date":"2021-11-03T11:14:12","date_gmt":"2021-11-03T11:14:12","guid":{"rendered":"https:\/\/diurna.es\/?page_id=494"},"modified":"2021-12-30T13:58:50","modified_gmt":"2021-12-30T13:58:50","slug":"envios","status":"publish","type":"page","link":"https:\/\/diurna.es\/en\/envios\/","title":{"rendered":"Shipping terms"},"content":{"rendered":"<h2 class=\"wp-block-heading\">Shipping time<\/h2>\n\n\n\n<p>The delivery times of each type of shipment are indicated in hours and working days. If you have any delivery preference, you can indicate it in the order comments  or contact the transport company.&nbsp;<\/p>\n\n\n\n<p>El tiempo necesario para la preparaci\u00f3n y env\u00edo de cada pedido dentro de Espa\u00f1a ser\u00e1 de 2 semanas, y  de 3, aproximadamente, para env\u00edos internacionales. Dependiendo del pedido y la \u00e9poca del a\u00f1o, podr\u00eda variar ligeramente. Consulta cada art\u00edculo para obtener m\u00e1s informaci\u00f3n.<\/p>\n\n\n\n<p><\/p>\n\n\n\n<h2 class=\"wp-block-heading\">Tariffs and customs duties<\/h2>\n\n\n\n<p>Customers will bear any applicable customs duties and fees. Diurna Metal Jewelry is not responsible for delays due to customs procedures.<\/p>\n\n\n\n<p><\/p>\n\n\n\n<h2 class=\"wp-block-heading\">Selling prices<\/h2>\n\n\n\n<p>The web selling prices  are subject to change. Diurna Metal Jewelry reserves the right to change prices without prior warning. However, upon receipt of the order confirmation, the prices to be paid will not be changed. Diurna Metal Jewelry informs that, despite the meticulous updates that are made to the website prices, these could contain errors. All errors that appear in the prices will be corrected promptly and will not be binding on Diurna Metal Jewelry.<\/p>\n\n\n\n<p><\/p>\n\n\n\n<h2 class=\"wp-block-heading\">Payment options<\/h2>\n\n\n\n<p>Payments will be made through Pay pal and can also be made with a credit or debit card from the application, thus keeping your payment data protected.<\/p>\n\n\n\n<p><\/p>\n\n\n\n<h2 class=\"wp-block-heading\">Purchase cancellation rights<\/h2>\n\n\n\n<p>Diurna Metal Jewelry reserves the right to reject, cancel or not accept a confirmed order for the following reasons:<\/p>\n\n\n\n<p><br>\u2013 A technical or pricing error occurred on the Website when the order was made.<br>\u2013 The product of the order is not available.<br>\u2013 The payment information provided was incorrect or not verifiable.<br>\u2013 Security systems indicate that is an   abnormal or fraudulent order.<\/p>\n\n\n\n<p><\/p>\n\n\n\n<h2 class=\"wp-block-heading\"><strong>Contact<\/strong>o<\/h2>\n\n\n\n<p>For any query or incident regarding the order, the Customer can contact Diurna Metal Jewelry by sending an email to info@diurna.es<\/p>","protected":false},"excerpt":{"rendered":"<p>Plazo de entrega Los tiempos de entrega indicados en cada tipo de env\u00edo se indican en horas y d\u00edas h\u00e1biles. Si tienes alguna&nbsp;preferencia para la entrega, puedes indicarla en los comentarios del pedido o ponerte en contacto con la empresa de transporte.&nbsp; El tiempo necesario para la preparaci\u00f3n y env\u00edo de cada pedido dentro de [&hellip;]<\/p>","protected":false},"author":2,"featured_media":0,"parent":0,"menu_order":0,"comment_status":"closed","ping_status":"closed","template":"","meta":{"footnotes":""},"class_list":["post-494","page","type-page","status-publish","hentry","post"],"jetpack_sharing_enabled":true,"_links":{"self":[{"href":"https:\/\/diurna.es\/en\/wp-json\/wp\/v2\/pages\/494","targetHints":{"allow":["GET"]}}],"collection":[{"href":"https:\/\/diurna.es\/en\/wp-json\/wp\/v2\/pages"}],"about":[{"href":"https:\/\/diurna.es\/en\/wp-json\/wp\/v2\/types\/page"}],"author":[{"embeddable":true,"href":"https:\/\/diurna.es\/en\/wp-json\/wp\/v2\/users\/2"}],"replies":[{"embeddable":true,"href":"https:\/\/diurna.es\/en\/wp-json\/wp\/v2\/comments?post=494"}],"version-history":[{"count":6,"href":"https:\/\/diurna.es\/en\/wp-json\/wp\/v2\/pages\/494\/revisions"}],"predecessor-version":[{"id":574,"href":"https:\/\/diurna.es\/en\/wp-json\/wp\/v2\/pages\/494\/revisions\/574"}],"wp:attachment":[{"href":"https:\/\/diurna.es\/en\/wp-json\/wp\/v2\/media?parent=494"}],"curies":[{"name":"wp","href":"https:\/\/api.w.org\/{rel}","templated":true}]}}