{"id":3,"date":"2021-03-20T08:37:59","date_gmt":"2021-03-20T08:37:59","guid":{"rendered":"http:\/\/diurna.es\/?page_id=3"},"modified":"2021-12-01T13:03:50","modified_gmt":"2021-12-01T13:03:50","slug":"politica-privacidad","status":"publish","type":"page","link":"https:\/\/diurna.es\/en\/politica-privacidad\/","title":{"rendered":"Privacy Policy"},"content":{"rendered":"<h2 class=\"wp-block-heading\">About us<\/h2>\n\n\n\n<p>Our website is: http:\/\/diurna.es.<\/p>\n\n\n\n<p><\/p>\n\n\n\n<h2 class=\"wp-block-heading\">Comments<\/h2>\n\n\n\n<p>This Privacy Policy establishes the terms in which Diurna Metal Jewelry uses and protects the information that is provided by its users when using the website. This company is committed to the security of its users' data. When we ask you to fill in the fields of personal information with which you can be identified, we do so ensuring that it will only be used in accordance with the terms of this document. However, this Privacy Policy may change over time or be updated, so we recommend and emphasize that you continually review this page to ensure that you agree to such changes.<\/p>\n\n\n\n<h2 class=\"wp-block-heading\"><strong>Collected information<\/strong><\/h2>\n\n\n\n<p>Our website may collect personal information such as: Name, email address and demographic information. Likewise, when necessary, specific information may be required to process an order or make a delivery or billing.<\/p>\n\n\n\n<h2 class=\"wp-block-heading\"><strong>Use of Personal Data and Purpose Specification<\/strong><\/h2>\n\n\n\n<p>Nuestro sitio web emplea la informaci\u00f3n con el fin de proporcionar el mejor servicio posible, particularmente para mantener un registro de usuarios, de pedidos en caso que aplique, y mejorar nuestros productos y servicios. &nbsp;Es posible que sean enviados correos electr\u00f3nicos peri\u00f3dicamente a trav\u00e9s de nuestro sitio con ofertas especiales, nuevos productos y otra informaci\u00f3n publicitaria que consideremos relevante para usted o que pueda brindarle alg\u00fan beneficio. Estos correos electr\u00f3nicos ser\u00e1n enviados a la direcci\u00f3n que usted proporcione y podr\u00e1n ser cancelados en cualquier momento.<\/p>\n\n\n\n<p>Diurna Metal Jewelry is highly committed in keeping your information safe. We use advanced systems and constantly update them to ensure that there is no unauthorized access.<\/p>\n\n\n\n<h2 class=\"wp-block-heading\"><strong>Cookies<\/strong><\/h2>\n\n\n\n<p>A cookie refers to a file that is sent in order to request permission to be stored on your computer, by accepting it  the cookie then serves to have information regarding web traffic, and also facilitates future visits to a recurrent web. Another function that cookies have is that with them, the web can recognize you individually and therefore provide you with the best personalized service on its web.<\/p>\n\n\n\n<p>Our website uses cookies to be able to identify the pages that are visited and their frequency. This information is used only for statistical analysis and then the information is permanently deleted. You can delete cookies at any time from your computer. However, cookies help to provide a better service on websites, you do not give access to information from your computer or from you, unless you want it and provide it directly. You can accept or deny the use of cookies, however most of web browsers automatically accept cookies as it serves to have a better web service. You can also change your computer settings to decline cookies. If they are declined, you may not be able to use some of our services.<\/p>\n\n\n\n<h2 class=\"wp-block-heading\"><strong>Links to third party sites<\/strong><\/h2>\n\n\n\n<p>Este sitio web pudiera contener enlaces a otros sitios que pudieran ser de su inter\u00e9s. Una vez que usted de clic en estos enlaces y abandone nuestra p\u00e1gina, ya no tenemos control sobre al sitio al que es redirigido y por lo tanto no somos responsables de los&nbsp;t\u00e9rminos o privacidad&nbsp;ni de la protecci\u00f3n de sus datos en esos otros sitios terceros. Dichos sitios est\u00e1n sujetos a sus propias pol\u00edticas de privacidad por lo cual es recomendable que los consulte para confirmar que usted est\u00e1 de acuerdo con estas.<\/p>\n\n\n\n<h2 class=\"wp-block-heading\"><strong>Control of your personal information<\/strong><\/h2>\n\n\n\n<p>En cualquier momento usted puede restringir la recopilaci\u00f3n o el uso de la informaci\u00f3n personal que es proporcionada a nuestro sitio web.\u00a0 Si as\u00ed lo desea, puede informarnos de su decisi\u00f3n a trav\u00e9s del correo info@diurna.es.<\/p>\n\n\n\n<p>This company will not sell, transfer or distribute the personal information that is collected without your consent, unless required by a judge with a court order.<\/p>\n\n\n\n<p>Diurna Metal Jewelry reserves the right to change the terms of this Privacy Policy at any time.<\/p>","protected":false},"excerpt":{"rendered":"<p>Qui\u00e9nes somos La direcci\u00f3n de nuestra web es: http:\/\/diurna.es. Comentarios La presente Pol\u00edtica de Privacidad establece los t\u00e9rminos en que Diurna Metal Jewelry usa y protege la informaci\u00f3n que es proporcionada por sus usuarios al momento de utilizar su sitio web. Esta compa\u00f1\u00eda est\u00e1 comprometida con la seguridad de los datos de sus usuarios. Cuando [&hellip;]<\/p>","protected":false},"author":1,"featured_media":0,"parent":0,"menu_order":0,"comment_status":"closed","ping_status":"open","template":"","meta":{"footnotes":""},"class_list":["post-3","page","type-page","status-publish","hentry","post"],"jetpack_sharing_enabled":true,"_links":{"self":[{"href":"https:\/\/diurna.es\/en\/wp-json\/wp\/v2\/pages\/3","targetHints":{"allow":["GET"]}}],"collection":[{"href":"https:\/\/diurna.es\/en\/wp-json\/wp\/v2\/pages"}],"about":[{"href":"https:\/\/diurna.es\/en\/wp-json\/wp\/v2\/types\/page"}],"author":[{"embeddable":true,"href":"https:\/\/diurna.es\/en\/wp-json\/wp\/v2\/users\/1"}],"replies":[{"embeddable":true,"href":"https:\/\/diurna.es\/en\/wp-json\/wp\/v2\/comments?post=3"}],"version-history":[{"count":4,"href":"https:\/\/diurna.es\/en\/wp-json\/wp\/v2\/pages\/3\/revisions"}],"predecessor-version":[{"id":555,"href":"https:\/\/diurna.es\/en\/wp-json\/wp\/v2\/pages\/3\/revisions\/555"}],"wp:attachment":[{"href":"https:\/\/diurna.es\/en\/wp-json\/wp\/v2\/media?parent=3"}],"curies":[{"name":"wp","href":"https:\/\/api.w.org\/{rel}","templated":true}]}}